{"id":191,"date":"2023-04-07T22:39:45","date_gmt":"2023-04-07T20:39:45","guid":{"rendered":"https:\/\/leif-eisenberg.com\/?page_id=191"},"modified":"2023-04-07T22:43:17","modified_gmt":"2023-04-07T20:43:17","slug":"impressum","status":"publish","type":"page","link":"https:\/\/leif-eisenberg.com\/en\/impressum\/","title":{"rendered":"Imprint"},"content":{"rendered":"<p>[et_pb_section fb_built=&#8220;1&#8243; _builder_version=&#8220;4.20.4&#8243; _module_preset=&#8220;default&#8220; background_color=&#8220;#000000&#8243; global_colors_info=&#8220;{}&#8220;][et_pb_row _builder_version=&#8220;4.20.4&#8243; _module_preset=&#8220;default&#8220; global_colors_info=&#8220;{}&#8220;][et_pb_column type=&#8220;4_4&#8243; _builder_version=&#8220;4.20.4&#8243; _module_preset=&#8220;default&#8220; global_colors_info=&#8220;{}&#8220;][et_pb_text _builder_version=&#8220;4.20.4&#8243; _module_preset=&#8220;default&#8220; text_orientation=&#8220;center&#8220; background_layout=&#8220;dark&#8220; global_colors_info=&#8220;{}&#8220;]<\/p>\n<h1 style=\"text-align: center;\">Impressum<\/h1>\n<p>[\/et_pb_text][\/et_pb_column][\/et_pb_row][et_pb_row _builder_version=&#8220;4.20.4&#8243; _module_preset=&#8220;default&#8220; global_colors_info=&#8220;{}&#8220;][et_pb_column type=&#8220;4_4&#8243; _builder_version=&#8220;4.20.4&#8243; _module_preset=&#8220;default&#8220; global_colors_info=&#8220;{}&#8220;][et_pb_text _builder_version=&#8220;4.20.4&#8243; _module_preset=&#8220;default&#8220; text_text_color=&#8220;#FFFFFF&#8220; background_layout=&#8220;dark&#8220; global_colors_info=&#8220;{}&#8220;]<\/p>\n<h2>Angaben gem\u00e4\u00df \u00a7 5 TMG:<\/h2>\n<p>Leif E. Eisenberg<\/p>\n<h3>Postanschrift:<\/h3>\n<p>Tegernseer Stra\u00dfe 9a<br \/>D \u2013 83607 Holzkirchen<\/p>\n<h3>Kontakt:<\/h3>\n<h3><span>Telefon: +49 175 6174525<\/span><\/h3>\n<p>E-Mail: leif.eisenberg@icloud.com<\/p>\n<h3>Vertreten durch:<\/h3>\n<p>Leif E. Eisenberg<\/p>\n<h2>Hinweise zur Website<\/h2>\n<h3>Urheberrechtliche Hinweise<\/h3>\n<p>Leif E. Eisenberg\u00a0<\/p>\n<p>Elias M\u00fcller<\/p>\n<p>Yannick Renn<\/p>\n<h2>Information gem\u00e4\u00df \u00a7 36 VSBG<\/h2>\n<p>Gem\u00e4\u00df \u00a7 36 VSBG (Verbraucherstreitbeilegungsgesetz \u2013 Gesetz \u00fcber die alternative Streitbeilegung in Verbrauchersachen) erkl\u00e4rt der Betreiber dieser Website:<\/p>\n<p>Wir sind weder bereit noch verpflichtet, an Streitbeilegungsverfahren vor einer Verbraucherschlichtungsstelle teilzunehmen.<\/p>\n<p>&nbsp;<\/p>\n<p><strong>Die Website wurde realisiert von YannickRennMusic. Weitere Informationen: <a href=\"https:\/\/yannick-renn.com\">https:\/\/yannick-renn.com<\/a><\/strong><\/p>\n<p>[\/et_pb_text][\/et_pb_column][\/et_pb_row][\/et_pb_section]<\/p>\n","protected":false},"excerpt":{"rendered":"<p>ImpressumAngaben gem\u00e4\u00df \u00a7 5 TMG: Leif E. Eisenberg Postanschrift: Tegernseer Stra\u00dfe 9aD \u2013 83607 Holzkirchen Kontakt: Telefon: +49 175 6174525 E-Mail: leif.eisenberg@icloud.com Vertreten durch: Leif E. Eisenberg Hinweise zur Website Urheberrechtliche Hinweise Leif E. Eisenberg\u00a0 Elias M\u00fcller Yannick Renn Information gem\u00e4\u00df \u00a7 36 VSBG Gem\u00e4\u00df \u00a7 36 VSBG (Verbraucherstreitbeilegungsgesetz \u2013 Gesetz \u00fcber die alternative Streitbeilegung [&hellip;]<\/p>\n","protected":false},"author":1,"featured_media":0,"parent":0,"menu_order":0,"comment_status":"closed","ping_status":"closed","template":"","meta":{"_et_pb_use_builder":"on","_et_pb_old_content":"","_et_gb_content_width":"","footnotes":""},"class_list":["post-191","page","type-page","status-publish","hentry"],"_links":{"self":[{"href":"https:\/\/leif-eisenberg.com\/en\/wp-json\/wp\/v2\/pages\/191","targetHints":{"allow":["GET"]}}],"collection":[{"href":"https:\/\/leif-eisenberg.com\/en\/wp-json\/wp\/v2\/pages"}],"about":[{"href":"https:\/\/leif-eisenberg.com\/en\/wp-json\/wp\/v2\/types\/page"}],"author":[{"embeddable":true,"href":"https:\/\/leif-eisenberg.com\/en\/wp-json\/wp\/v2\/users\/1"}],"replies":[{"embeddable":true,"href":"https:\/\/leif-eisenberg.com\/en\/wp-json\/wp\/v2\/comments?post=191"}],"version-history":[{"count":6,"href":"https:\/\/leif-eisenberg.com\/en\/wp-json\/wp\/v2\/pages\/191\/revisions"}],"predecessor-version":[{"id":199,"href":"https:\/\/leif-eisenberg.com\/en\/wp-json\/wp\/v2\/pages\/191\/revisions\/199"}],"wp:attachment":[{"href":"https:\/\/leif-eisenberg.com\/en\/wp-json\/wp\/v2\/media?parent=191"}],"curies":[{"name":"wp","href":"https:\/\/api.w.org\/{rel}","templated":true}]}}